{"id":30911,"date":"2015-11-23T22:46:48","date_gmt":"2015-11-23T21:46:48","guid":{"rendered":"https:\/\/www.adreanigioielli.com\/shop\/bracelet-rombo-pave-jewel\/"},"modified":"2026-02-22T18:04:56","modified_gmt":"2026-02-22T17:04:56","slug":"bracelet-rombo-pave-jewel","status":"publish","type":"product","link":"https:\/\/www.adreanigioielli.com\/en\/shop\/bracelet-rombo-pave-jewel\/","title":{"rendered":"Bracelet rombo pav\u00e8 jewel"},"content":{"rendered":"<p>Rhombus pav\u00e9 jewel bracelet made in shiny clear Perspex and shiny black onyx. The diamond-shaped design is enhanced by the pav\u00e9 jewel setting of authentic 16-facet Swarovski Xelion crystals.<\/p>\n<ul>\n<li>Material Lucite acrylic crystal<\/li>\n<li>Pav\u00e9 with 135 Swarovski Xelion 16-facet crystal stones.<\/li>\n<li>Manufacture 100% Hand Made in Italy<\/li>\n<li>Patented Design Model Each piece of jewelry comes with its own Branded Adreani Gioielli packaging &#8211; Every little difference is evidence of the handcrafting &#8211; Beware of imitations!<\/li>\n<\/ul>\n<p>&nbsp;<\/p>\n","protected":false},"excerpt":{"rendered":"<p>Wear your style with the Rhombus Pav\u00e9 Bracelet, a modern design embellished with a mixed pav\u00e9 decoration from Swarovski.<\/p>\n","protected":false},"featured_media":28204,"comment_status":"open","ping_status":"closed","template":"","meta":{"_et_pb_use_builder":"","_et_pb_old_content":"","_et_gb_content_width":""},"product_brand":[],"product_cat":[3949],"product_tag":[3996,3950,3966,3959,3961],"class_list":{"0":"post-30911","1":"product","2":"type-product","3":"status-publish","4":"has-post-thumbnail","6":"product_cat-bracelets-en","7":"product_tag-geometric-en","8":"product_tag-ice-perspex-en","9":"product_tag-rhinestones-fashion-jewelry","10":"product_tag-swarovski-jewelry","11":"product_tag-transparent-jewelry","12":"pa_colpx-black-glossy","13":"pa_colswa-aurora-borealemetblue-en","14":"pa_colswa-39-en","15":"pa_colswa-1115-lt-amethist-e-aurora-boreale-en","16":"pa_colswa-2122-lt-colorado-topazdorado-en","17":"pa_colswa-white-crystal","18":"pa_misura-bracciali-l","19":"pa_misura-bracciali-m-en","20":"pa_misura-bracciali-s","22":"first","23":"instock","24":"shipping-taxable","25":"purchasable","26":"product-type-variable"},"_links":{"self":[{"href":"https:\/\/www.adreanigioielli.com\/en\/wp-json\/wp\/v2\/product\/30911","targetHints":{"allow":["GET"]}}],"collection":[{"href":"https:\/\/www.adreanigioielli.com\/en\/wp-json\/wp\/v2\/product"}],"about":[{"href":"https:\/\/www.adreanigioielli.com\/en\/wp-json\/wp\/v2\/types\/product"}],"replies":[{"embeddable":true,"href":"https:\/\/www.adreanigioielli.com\/en\/wp-json\/wp\/v2\/comments?post=30911"}],"wp:featuredmedia":[{"embeddable":true,"href":"https:\/\/www.adreanigioielli.com\/en\/wp-json\/wp\/v2\/media\/28204"}],"wp:attachment":[{"href":"https:\/\/www.adreanigioielli.com\/en\/wp-json\/wp\/v2\/media?parent=30911"}],"wp:term":[{"taxonomy":"product_brand","embeddable":true,"href":"https:\/\/www.adreanigioielli.com\/en\/wp-json\/wp\/v2\/product_brand?post=30911"},{"taxonomy":"product_cat","embeddable":true,"href":"https:\/\/www.adreanigioielli.com\/en\/wp-json\/wp\/v2\/product_cat?post=30911"},{"taxonomy":"product_tag","embeddable":true,"href":"https:\/\/www.adreanigioielli.com\/en\/wp-json\/wp\/v2\/product_tag?post=30911"}],"curies":[{"name":"wp","href":"https:\/\/api.w.org\/{rel}","templated":true}]}}