{"id":30955,"date":"2018-05-29T20:41:27","date_gmt":"2018-05-29T18:41:27","guid":{"rendered":"https:\/\/www.adreanigioielli.com\/shop\/cabochon-pave-anklet\/"},"modified":"2026-02-22T18:44:08","modified_gmt":"2026-02-22T17:44:08","slug":"cabochon-pave-anklet","status":"publish","type":"product","link":"https:\/\/www.adreanigioielli.com\/en\/shop\/cabochon-pave-anklet\/","title":{"rendered":"Cabochon pav\u00e9 anklet"},"content":{"rendered":"<p>The cabochon pav\u00e9 anklet is made with a 2.5 mm strand of chain with Swarovski crystals and a pav\u00e9 center.<\/p>\n<p>Just remove the small 925 silver chain extension and it becomes a bracelet!<\/p>\n","protected":false},"excerpt":{"rendered":"<p>Endless sparkle: this anklet is embellished with a small sparkling centerpiece. Remove the extension to wear it as an elegant bracelet, expressing your personality with every step. <\/p>\n","protected":false},"featured_media":28557,"comment_status":"open","ping_status":"closed","template":"","meta":{"_et_pb_use_builder":"","_et_pb_old_content":"","_et_gb_content_width":""},"product_brand":[],"product_cat":[3957],"product_tag":[3959,3961],"class_list":{"0":"post-30955","1":"product","2":"type-product","3":"status-publish","4":"has-post-thumbnail","6":"product_cat-handcrafted-fashion-accessories","7":"product_tag-swarovski-jewelry","8":"product_tag-transparent-jewelry","9":"pa_colpx-clear-glossy-lucite","10":"pa_colpx-black-glossy","12":"first","13":"instock","14":"sold-individually","15":"shipping-taxable","16":"purchasable","17":"product-type-variable"},"_links":{"self":[{"href":"https:\/\/www.adreanigioielli.com\/en\/wp-json\/wp\/v2\/product\/30955","targetHints":{"allow":["GET"]}}],"collection":[{"href":"https:\/\/www.adreanigioielli.com\/en\/wp-json\/wp\/v2\/product"}],"about":[{"href":"https:\/\/www.adreanigioielli.com\/en\/wp-json\/wp\/v2\/types\/product"}],"replies":[{"embeddable":true,"href":"https:\/\/www.adreanigioielli.com\/en\/wp-json\/wp\/v2\/comments?post=30955"}],"wp:featuredmedia":[{"embeddable":true,"href":"https:\/\/www.adreanigioielli.com\/en\/wp-json\/wp\/v2\/media\/28557"}],"wp:attachment":[{"href":"https:\/\/www.adreanigioielli.com\/en\/wp-json\/wp\/v2\/media?parent=30955"}],"wp:term":[{"taxonomy":"product_brand","embeddable":true,"href":"https:\/\/www.adreanigioielli.com\/en\/wp-json\/wp\/v2\/product_brand?post=30955"},{"taxonomy":"product_cat","embeddable":true,"href":"https:\/\/www.adreanigioielli.com\/en\/wp-json\/wp\/v2\/product_cat?post=30955"},{"taxonomy":"product_tag","embeddable":true,"href":"https:\/\/www.adreanigioielli.com\/en\/wp-json\/wp\/v2\/product_tag?post=30955"}],"curies":[{"name":"wp","href":"https:\/\/api.w.org\/{rel}","templated":true}]}}